{"id":1776,"date":"2016-06-20T21:35:29","date_gmt":"2016-06-20T21:35:29","guid":{"rendered":"https:\/\/demo07.houzez.co\/?page_id=1776"},"modified":"2024-10-30T11:02:31","modified_gmt":"2024-10-30T16:02:31","slug":"about-us","status":"publish","type":"page","link":"https:\/\/sentosa-cr.com\/index.php\/about-us\/","title":{"rendered":"Sobre nosotros"},"content":{"rendered":"\t\t<div data-elementor-type=\"wp-post\" data-elementor-id=\"1776\" class=\"elementor elementor-1776\">\n\t\t\t\t\t\t<section class=\"elementor-section elementor-top-section elementor-element elementor-element-7e29b25 elementor-section-boxed elementor-section-height-default elementor-section-height-default elementor-invisible\" data-id=\"7e29b25\" data-element_type=\"section\" data-settings=\"{&quot;background_background&quot;:&quot;classic&quot;,&quot;animation&quot;:&quot;fadeIn&quot;}\">\n\t\t\t\t\t\t<div class=\"elementor-container elementor-column-gap-default\">\n\t\t\t\t\t<div class=\"elementor-column elementor-col-100 elementor-top-column elementor-element elementor-element-5e8cde5\" data-id=\"5e8cde5\" data-element_type=\"column\">\n\t\t\t<div class=\"elementor-widget-wrap elementor-element-populated\">\n\t\t\t\t\t\t<div class=\"elementor-element elementor-element-d73bb5e elementor-widget elementor-widget-spacer\" data-id=\"d73bb5e\" data-element_type=\"widget\" data-widget_type=\"spacer.default\">\n\t\t\t\t<div class=\"elementor-widget-container\">\n\t\t\t\t\t\t\t<div class=\"elementor-spacer\">\n\t\t\t<div class=\"elementor-spacer-inner\"><\/div>\n\t\t<\/div>\n\t\t\t\t\t\t<\/div>\n\t\t\t\t<\/div>\n\t\t\t\t<section class=\"elementor-section elementor-inner-section elementor-element elementor-element-587b07c elementor-section-boxed elementor-section-height-default elementor-section-height-default\" data-id=\"587b07c\" data-element_type=\"section\">\n\t\t\t\t\t\t<div class=\"elementor-container elementor-column-gap-default\">\n\t\t\t\t\t<div class=\"elementor-column elementor-col-100 elementor-inner-column elementor-element elementor-element-af0737d\" data-id=\"af0737d\" data-element_type=\"column\">\n\t\t\t<div class=\"elementor-widget-wrap elementor-element-populated\">\n\t\t\t\t\t\t<div class=\"elementor-element elementor-element-6a5b57c elementor-widget elementor-widget-houzez_elementor_section_title\" data-id=\"6a5b57c\" data-element_type=\"widget\" data-widget_type=\"houzez_elementor_section_title.default\">\n\t\t\t\t<div class=\"elementor-widget-container\">\n\t\t\t\t\t            <div class=\"houzez_section_title_wrap section-title-module\">\n                                    <h2 class=\"houzez_section_title\">QUIENES SOMOS<\/h2>\n                \n                            <\/div>\n            \t\t\t\t<\/div>\n\t\t\t\t<\/div>\n\t\t\t\t<div class=\"elementor-element elementor-element-ae3633d elementor-widget elementor-widget-text-editor\" data-id=\"ae3633d\" data-element_type=\"widget\" data-widget_type=\"text-editor.default\">\n\t\t\t\t<div class=\"elementor-widget-container\">\n\t\t\t\t\t\t\t\t\t<div class=\"vc_row wpb_row vc_inner vc_row-fluid\"><div class=\"wpb_column vc_column_container vc_col-sm-6\"><div class=\"vc_column-inner\"><div class=\"wpb_wrapper\"><div class=\"wpb_text_column wpb_content_element \"><div class=\"wpb_wrapper\"><p>Sentosa Comercial es una empresa fundada por Pamela Castillo, empresaria con m\u00e1s de 18 a\u00f1os de experiencia en el mercado inmobiliario. Nos especializamos en la compra, venta y arrendamiento de locales comerciales, edificios y bodegas industriales. Nuestra experiencia en licitaciones nos permite ofrecer soluciones personalizadas y estrat\u00e9gicas para satisfacer las necesidades espec\u00edficas de nuestros clientes. En Sentosa Comercial, nos enorgullece ser un socio confiable y experto en la b\u00fasqueda de oportunidades que maximicen el valor de\u00a0su\u00a0inversi\u00f3n.<\/p><\/div><\/div><\/div><\/div><\/div><\/div>\t\t\t\t\t\t\t\t<\/div>\n\t\t\t\t<\/div>\n\t\t\t\t\t<\/div>\n\t\t<\/div>\n\t\t\t\t\t<\/div>\n\t\t<\/section>\n\t\t\t\t<div class=\"elementor-element elementor-element-42605c4 elementor-widget elementor-widget-spacer\" data-id=\"42605c4\" data-element_type=\"widget\" data-widget_type=\"spacer.default\">\n\t\t\t\t<div class=\"elementor-widget-container\">\n\t\t\t\t\t\t\t<div class=\"elementor-spacer\">\n\t\t\t<div class=\"elementor-spacer-inner\"><\/div>\n\t\t<\/div>\n\t\t\t\t\t\t<\/div>\n\t\t\t\t<\/div>\n\t\t\t\t<div class=\"elementor-element elementor-element-42d9745 elementor-widget elementor-widget-houzez_elementor_section_title\" data-id=\"42d9745\" data-element_type=\"widget\" data-widget_type=\"houzez_elementor_section_title.default\">\n\t\t\t\t<div class=\"elementor-widget-container\">\n\t\t\t\t\t            <div class=\"houzez_section_title_wrap section-title-module\">\n                                    <h2 class=\"houzez_section_title\">Nuestros valores\n<\/h2>\n                \n                            <\/div>\n            \t\t\t\t<\/div>\n\t\t\t\t<\/div>\n\t\t\t\t\t<\/div>\n\t\t<\/div>\n\t\t\t\t\t<\/div>\n\t\t<\/section>\n\t\t<div class=\"elementor-element elementor-element-c6fc0d7 e-flex e-con-boxed e-con e-parent\" data-id=\"c6fc0d7\" data-element_type=\"container\">\n\t\t\t\t\t<div class=\"e-con-inner\">\n\t\t\t\t<div class=\"elementor-element elementor-element-81d7f4b elementor-widget elementor-widget-image-box\" data-id=\"81d7f4b\" data-element_type=\"widget\" data-widget_type=\"image-box.default\">\n\t\t\t\t<div class=\"elementor-widget-container\">\n\t\t\t\t\t<div class=\"elementor-image-box-wrapper\"><div class=\"elementor-image-box-content\"><h3 class=\"elementor-image-box-title\"> Misi\u00f3n <\/h3><p class=\"elementor-image-box-description\">En Sentosa Comercial, nuestra misi\u00f3n es proporcionar soluciones inmobiliarias especializadas en locales comerciales, edificios y bodegas industriales. Nos enfocamos en ofrecer un servicio de alta calidad, guiado por la experiencia en el campo por mas de 18 a\u00f1os. Gracias al conocimiento profundo de nuestro mercado, aseguremos que nuestros clientes encuentren las propiedades ideales que impulsen su \u00e9xito. \n<\/p><\/div><\/div>\t\t\t\t<\/div>\n\t\t\t\t<\/div>\n\t\t\t\t<div class=\"elementor-element elementor-element-8732816 elementor-widget elementor-widget-image-box\" data-id=\"8732816\" data-element_type=\"widget\" data-widget_type=\"image-box.default\">\n\t\t\t\t<div class=\"elementor-widget-container\">\n\t\t\t\t\t<div class=\"elementor-image-box-wrapper\"><div class=\"elementor-image-box-content\"><h3 class=\"elementor-image-box-title\">Visi\u00f3n <\/h3><p class=\"elementor-image-box-description\">Ser la empresa l\u00edder en el sector inmobiliario comercial e industrial, reconocida por nuestra capacidad para manejar licitaciones complejas y por nuestro compromiso en establecer relaciones duraderas con nuestros clientes, basadas en la confianza, la transparencia y el cumplimiento de sus objetivos estrat\u00e9gicos. \n<\/p><\/div><\/div>\t\t\t\t<\/div>\n\t\t\t\t<\/div>\n\t\t\t\t\t<\/div>\n\t\t\t\t<\/div>\n\t\t\t\t<section class=\"elementor-section elementor-top-section elementor-element elementor-element-ee201ec elementor-hidden-desktop elementor-hidden-tablet elementor-hidden-mobile elementor-section-boxed elementor-section-height-default elementor-section-height-default elementor-invisible\" data-id=\"ee201ec\" data-element_type=\"section\" data-settings=\"{&quot;animation&quot;:&quot;fadeIn&quot;}\">\n\t\t\t\t\t\t<div class=\"elementor-container elementor-column-gap-default\">\n\t\t\t\t\t<div class=\"elementor-column elementor-col-100 elementor-top-column elementor-element elementor-element-146dde4\" data-id=\"146dde4\" data-element_type=\"column\">\n\t\t\t<div class=\"elementor-widget-wrap elementor-element-populated\">\n\t\t\t\t\t\t<div class=\"elementor-element elementor-element-7a2dfb0 elementor-widget elementor-widget-spacer\" data-id=\"7a2dfb0\" data-element_type=\"widget\" data-widget_type=\"spacer.default\">\n\t\t\t\t<div class=\"elementor-widget-container\">\n\t\t\t\t\t\t\t<div class=\"elementor-spacer\">\n\t\t\t<div class=\"elementor-spacer-inner\"><\/div>\n\t\t<\/div>\n\t\t\t\t\t\t<\/div>\n\t\t\t\t<\/div>\n\t\t\t\t<section class=\"elementor-section elementor-inner-section elementor-element elementor-element-c66451f elementor-section-boxed elementor-section-height-default elementor-section-height-default\" data-id=\"c66451f\" data-element_type=\"section\">\n\t\t\t\t\t\t<div class=\"elementor-container elementor-column-gap-wide\">\n\t\t\t\t\t<div class=\"elementor-column elementor-col-33 elementor-inner-column elementor-element elementor-element-6945fbd\" data-id=\"6945fbd\" data-element_type=\"column\">\n\t\t\t<div class=\"elementor-widget-wrap elementor-element-populated\">\n\t\t\t\t\t\t<div class=\"elementor-element elementor-element-031cc28 elementor-position-top elementor-widget elementor-widget-image-box\" data-id=\"031cc28\" data-element_type=\"widget\" data-widget_type=\"image-box.default\">\n\t\t\t\t<div class=\"elementor-widget-container\">\n\t\t\t\t\t<div class=\"elementor-image-box-wrapper\"><figure class=\"elementor-image-box-img\"><img fetchpriority=\"high\" decoding=\"async\" width=\"1440\" height=\"960\" src=\"https:\/\/sentosa-cr.com\/wp-content\/uploads\/2020\/03\/206.jpg\" class=\"attachment-full size-full wp-image-1964\" alt=\"\" srcset=\"https:\/\/sentosa-cr.com\/wp-content\/uploads\/2020\/03\/206.jpg 1440w, https:\/\/sentosa-cr.com\/wp-content\/uploads\/2020\/03\/206-300x200.jpg 300w, https:\/\/sentosa-cr.com\/wp-content\/uploads\/2020\/03\/206-1024x683.jpg 1024w, https:\/\/sentosa-cr.com\/wp-content\/uploads\/2020\/03\/206-768x512.jpg 768w, https:\/\/sentosa-cr.com\/wp-content\/uploads\/2020\/03\/206-900x600.jpg 900w, https:\/\/sentosa-cr.com\/wp-content\/uploads\/2020\/03\/206-496x331.jpg 496w\" sizes=\"(max-width: 1440px) 100vw, 1440px\" \/><\/figure><div class=\"elementor-image-box-content\"><h3 class=\"elementor-image-box-title\">Calidad<\/h3><p class=\"elementor-image-box-description\">Nuestra empresa se distingue por ofrecer un servicio excepcional que combina un alto valor con una calidad insuperable. <\/p><\/div><\/div>\t\t\t\t<\/div>\n\t\t\t\t<\/div>\n\t\t\t\t\t<\/div>\n\t\t<\/div>\n\t\t\t\t<div class=\"elementor-column elementor-col-33 elementor-inner-column elementor-element elementor-element-c3e5b5e\" data-id=\"c3e5b5e\" data-element_type=\"column\">\n\t\t\t<div class=\"elementor-widget-wrap elementor-element-populated\">\n\t\t\t\t\t\t<div class=\"elementor-element elementor-element-a39dd46 elementor-position-top elementor-widget elementor-widget-image-box\" data-id=\"a39dd46\" data-element_type=\"widget\" data-widget_type=\"image-box.default\">\n\t\t\t\t<div class=\"elementor-widget-container\">\n\t\t\t\t\t<div class=\"elementor-image-box-wrapper\"><figure class=\"elementor-image-box-img\"><img decoding=\"async\" width=\"1170\" height=\"786\" src=\"https:\/\/sentosa-cr.com\/wp-content\/uploads\/2016\/03\/new-york-06.jpg\" class=\"attachment-full size-full wp-image-289\" alt=\"\" srcset=\"https:\/\/sentosa-cr.com\/wp-content\/uploads\/2016\/03\/new-york-06.jpg 1170w, https:\/\/sentosa-cr.com\/wp-content\/uploads\/2016\/03\/new-york-06-300x202.jpg 300w, https:\/\/sentosa-cr.com\/wp-content\/uploads\/2016\/03\/new-york-06-1024x688.jpg 1024w, https:\/\/sentosa-cr.com\/wp-content\/uploads\/2016\/03\/new-york-06-768x516.jpg 768w, https:\/\/sentosa-cr.com\/wp-content\/uploads\/2016\/03\/new-york-06-893x600.jpg 893w, https:\/\/sentosa-cr.com\/wp-content\/uploads\/2016\/03\/new-york-06-496x333.jpg 496w\" sizes=\"(max-width: 1170px) 100vw, 1170px\" \/><\/figure><div class=\"elementor-image-box-content\"><h3 class=\"elementor-image-box-title\">Trabajo en equipo<\/h3><p class=\"elementor-image-box-description\">En nuestra empresa, el valor del trabajo en equipo es fundamental. Nos enorgullece cultivar un ambiente donde la colaboraci\u00f3n y la comunicaci\u00f3n son pilares clave para el \u00e9xito.<\/p><\/div><\/div>\t\t\t\t<\/div>\n\t\t\t\t<\/div>\n\t\t\t\t\t<\/div>\n\t\t<\/div>\n\t\t\t\t<div class=\"elementor-column elementor-col-33 elementor-inner-column elementor-element elementor-element-0d9e6c2\" data-id=\"0d9e6c2\" data-element_type=\"column\">\n\t\t\t<div class=\"elementor-widget-wrap elementor-element-populated\">\n\t\t\t\t\t\t<div class=\"elementor-element elementor-element-6848b72 elementor-position-top elementor-widget elementor-widget-image-box\" data-id=\"6848b72\" data-element_type=\"widget\" data-widget_type=\"image-box.default\">\n\t\t\t\t<div class=\"elementor-widget-container\">\n\t\t\t\t\t<div class=\"elementor-image-box-wrapper\"><figure class=\"elementor-image-box-img\"><img decoding=\"async\" width=\"1440\" height=\"960\" src=\"https:\/\/sentosa-cr.com\/wp-content\/uploads\/2016\/06\/slide-2.jpg\" class=\"attachment-full size-full wp-image-1747\" alt=\"\" srcset=\"https:\/\/sentosa-cr.com\/wp-content\/uploads\/2016\/06\/slide-2.jpg 1440w, https:\/\/sentosa-cr.com\/wp-content\/uploads\/2016\/06\/slide-2-300x200.jpg 300w, https:\/\/sentosa-cr.com\/wp-content\/uploads\/2016\/06\/slide-2-1024x683.jpg 1024w, https:\/\/sentosa-cr.com\/wp-content\/uploads\/2016\/06\/slide-2-768x512.jpg 768w, https:\/\/sentosa-cr.com\/wp-content\/uploads\/2016\/06\/slide-2-900x600.jpg 900w, https:\/\/sentosa-cr.com\/wp-content\/uploads\/2016\/06\/slide-2-496x331.jpg 496w\" sizes=\"(max-width: 1440px) 100vw, 1440px\" \/><\/figure><div class=\"elementor-image-box-content\"><h3 class=\"elementor-image-box-title\">Respeto<\/h3><p class=\"elementor-image-box-description\">El respeto es el principio fundamental que gu\u00eda todas nuestras interacciones en la empresa. Valoramos y honramos las diferencias individuales, reconociendo la diversidad como una fortaleza que enriquece nuestro entorno laboral. <\/p><\/div><\/div>\t\t\t\t<\/div>\n\t\t\t\t<\/div>\n\t\t\t\t\t<\/div>\n\t\t<\/div>\n\t\t\t\t\t<\/div>\n\t\t<\/section>\n\t\t\t\t<section class=\"elementor-section elementor-inner-section elementor-element elementor-element-46aaf61 elementor-section-boxed elementor-section-height-default elementor-section-height-default\" data-id=\"46aaf61\" data-element_type=\"section\">\n\t\t\t\t\t\t<div class=\"elementor-container elementor-column-gap-wide\">\n\t\t\t\t\t<div class=\"elementor-column elementor-col-33 elementor-inner-column elementor-element elementor-element-f86eaed\" data-id=\"f86eaed\" data-element_type=\"column\">\n\t\t\t<div class=\"elementor-widget-wrap elementor-element-populated\">\n\t\t\t\t\t\t<div class=\"elementor-element elementor-element-960ecc5 elementor-position-top elementor-widget elementor-widget-image-box\" data-id=\"960ecc5\" data-element_type=\"widget\" data-widget_type=\"image-box.default\">\n\t\t\t\t<div class=\"elementor-widget-container\">\n\t\t\t\t\t<div class=\"elementor-image-box-wrapper\"><figure class=\"elementor-image-box-img\"><img loading=\"lazy\" decoding=\"async\" width=\"1170\" height=\"786\" src=\"https:\/\/sentosa-cr.com\/wp-content\/uploads\/2016\/03\/new-york-03.jpg\" class=\"attachment-full size-full wp-image-280\" alt=\"\" srcset=\"https:\/\/sentosa-cr.com\/wp-content\/uploads\/2016\/03\/new-york-03.jpg 1170w, https:\/\/sentosa-cr.com\/wp-content\/uploads\/2016\/03\/new-york-03-300x202.jpg 300w, https:\/\/sentosa-cr.com\/wp-content\/uploads\/2016\/03\/new-york-03-1024x688.jpg 1024w, https:\/\/sentosa-cr.com\/wp-content\/uploads\/2016\/03\/new-york-03-768x516.jpg 768w, https:\/\/sentosa-cr.com\/wp-content\/uploads\/2016\/03\/new-york-03-893x600.jpg 893w, https:\/\/sentosa-cr.com\/wp-content\/uploads\/2016\/03\/new-york-03-496x333.jpg 496w\" sizes=\"(max-width: 1170px) 100vw, 1170px\" \/><\/figure><div class=\"elementor-image-box-content\"><h3 class=\"elementor-image-box-title\">IIntegridad<\/h3><p class=\"elementor-image-box-description\">La integridad es el cimiento de nuestra empresa. Nos comprometemos a actuar con honestidad, transparencia y \u00e9tica en todas nuestras operaciones y relaciones comerciales<\/p><\/div><\/div>\t\t\t\t<\/div>\n\t\t\t\t<\/div>\n\t\t\t\t\t<\/div>\n\t\t<\/div>\n\t\t\t\t<div class=\"elementor-column elementor-col-33 elementor-inner-column elementor-element elementor-element-5c161c6\" data-id=\"5c161c6\" data-element_type=\"column\">\n\t\t\t<div class=\"elementor-widget-wrap elementor-element-populated\">\n\t\t\t\t\t\t<div class=\"elementor-element elementor-element-40f7bf1 elementor-position-top elementor-widget elementor-widget-image-box\" data-id=\"40f7bf1\" data-element_type=\"widget\" data-widget_type=\"image-box.default\">\n\t\t\t\t<div class=\"elementor-widget-container\">\n\t\t\t\t\t<div class=\"elementor-image-box-wrapper\"><figure class=\"elementor-image-box-img\"><img loading=\"lazy\" decoding=\"async\" width=\"1440\" height=\"960\" src=\"https:\/\/sentosa-cr.com\/wp-content\/uploads\/2016\/06\/slide-1.jpg\" class=\"attachment-full size-full wp-image-1748\" alt=\"\" srcset=\"https:\/\/sentosa-cr.com\/wp-content\/uploads\/2016\/06\/slide-1.jpg 1440w, https:\/\/sentosa-cr.com\/wp-content\/uploads\/2016\/06\/slide-1-300x200.jpg 300w, https:\/\/sentosa-cr.com\/wp-content\/uploads\/2016\/06\/slide-1-1024x683.jpg 1024w, https:\/\/sentosa-cr.com\/wp-content\/uploads\/2016\/06\/slide-1-768x512.jpg 768w, https:\/\/sentosa-cr.com\/wp-content\/uploads\/2016\/06\/slide-1-900x600.jpg 900w, https:\/\/sentosa-cr.com\/wp-content\/uploads\/2016\/06\/slide-1-496x331.jpg 496w\" sizes=\"(max-width: 1440px) 100vw, 1440px\" \/><\/figure><div class=\"elementor-image-box-content\"><h3 class=\"elementor-image-box-title\"> Responsabilidad<\/h3><p class=\"elementor-image-box-description\">La responsabilidad es un pilar fundamental en nuestra empresa. Nos comprometemos a asumir la responsabilidad de nuestras acciones, decisiones y resultados en todas las \u00e1reas de nuestro trabajo.<\/p><\/div><\/div>\t\t\t\t<\/div>\n\t\t\t\t<\/div>\n\t\t\t\t\t<\/div>\n\t\t<\/div>\n\t\t\t\t<div class=\"elementor-column elementor-col-33 elementor-inner-column elementor-element elementor-element-bf9a9d4\" data-id=\"bf9a9d4\" data-element_type=\"column\">\n\t\t\t<div class=\"elementor-widget-wrap elementor-element-populated\">\n\t\t\t\t\t\t<div class=\"elementor-element elementor-element-b45f069 elementor-position-top elementor-widget elementor-widget-image-box\" data-id=\"b45f069\" data-element_type=\"widget\" data-widget_type=\"image-box.default\">\n\t\t\t\t<div class=\"elementor-widget-container\">\n\t\t\t\t\t<div class=\"elementor-image-box-wrapper\"><figure class=\"elementor-image-box-img\"><img loading=\"lazy\" decoding=\"async\" width=\"1440\" height=\"960\" src=\"https:\/\/sentosa-cr.com\/wp-content\/uploads\/2016\/03\/apt-2.jpg\" class=\"attachment-full size-full wp-image-1766\" alt=\"\" srcset=\"https:\/\/sentosa-cr.com\/wp-content\/uploads\/2016\/03\/apt-2.jpg 1440w, https:\/\/sentosa-cr.com\/wp-content\/uploads\/2016\/03\/apt-2-300x200.jpg 300w, https:\/\/sentosa-cr.com\/wp-content\/uploads\/2016\/03\/apt-2-1024x683.jpg 1024w, https:\/\/sentosa-cr.com\/wp-content\/uploads\/2016\/03\/apt-2-768x512.jpg 768w, https:\/\/sentosa-cr.com\/wp-content\/uploads\/2016\/03\/apt-2-900x600.jpg 900w, https:\/\/sentosa-cr.com\/wp-content\/uploads\/2016\/03\/apt-2-496x331.jpg 496w\" sizes=\"(max-width: 1440px) 100vw, 1440px\" \/><\/figure><div class=\"elementor-image-box-content\"><h3 class=\"elementor-image-box-title\">Innovaci\u00f3n<\/h3><p class=\"elementor-image-box-description\">La innovaci\u00f3n es un valor central en nuestra empresa. Nos esforzamos por fomentar un ambiente que inspire la creatividad y el pensamiento innovador en todos los aspectos de nuestro trabajo. <\/p><\/div><\/div>\t\t\t\t<\/div>\n\t\t\t\t<\/div>\n\t\t\t\t\t<\/div>\n\t\t<\/div>\n\t\t\t\t\t<\/div>\n\t\t<\/section>\n\t\t\t\t<div class=\"elementor-element elementor-element-5043d69 elementor-widget elementor-widget-spacer\" data-id=\"5043d69\" data-element_type=\"widget\" data-widget_type=\"spacer.default\">\n\t\t\t\t<div class=\"elementor-widget-container\">\n\t\t\t\t\t\t\t<div class=\"elementor-spacer\">\n\t\t\t<div class=\"elementor-spacer-inner\"><\/div>\n\t\t<\/div>\n\t\t\t\t\t\t<\/div>\n\t\t\t\t<\/div>\n\t\t\t\t\t<\/div>\n\t\t<\/div>\n\t\t\t\t\t<\/div>\n\t\t<\/section>\n\t\t\t\t<\/div>\n\t\t","protected":false},"excerpt":{"rendered":"<p>QUIENES SOMOS Sentosa Comercial es una empresa fundada por Pamela Castillo, empresaria con m\u00e1s de 18 a\u00f1os de experiencia en el mercado inmobiliario. Nos especializamos en la compra, venta y arrendamiento de locales comerciales, edificios y bodegas industriales. Nuestra experiencia en licitaciones nos permite ofrecer soluciones personalizadas y estrat\u00e9gicas para satisfacer las necesidades espec\u00edficas de [&hellip;]<\/p>\n","protected":false},"author":1,"featured_media":0,"parent":0,"menu_order":0,"comment_status":"closed","ping_status":"closed","template":"elementor_header_footer","meta":{"_monsterinsights_skip_tracking":false,"_monsterinsights_sitenote_active":false,"_monsterinsights_sitenote_note":"","_monsterinsights_sitenote_category":0,"footnotes":""},"_links":{"self":[{"href":"https:\/\/sentosa-cr.com\/index.php\/wp-json\/wp\/v2\/pages\/1776"}],"collection":[{"href":"https:\/\/sentosa-cr.com\/index.php\/wp-json\/wp\/v2\/pages"}],"about":[{"href":"https:\/\/sentosa-cr.com\/index.php\/wp-json\/wp\/v2\/types\/page"}],"author":[{"embeddable":true,"href":"https:\/\/sentosa-cr.com\/index.php\/wp-json\/wp\/v2\/users\/1"}],"replies":[{"embeddable":true,"href":"https:\/\/sentosa-cr.com\/index.php\/wp-json\/wp\/v2\/comments?post=1776"}],"version-history":[{"count":29,"href":"https:\/\/sentosa-cr.com\/index.php\/wp-json\/wp\/v2\/pages\/1776\/revisions"}],"predecessor-version":[{"id":2167,"href":"https:\/\/sentosa-cr.com\/index.php\/wp-json\/wp\/v2\/pages\/1776\/revisions\/2167"}],"wp:attachment":[{"href":"https:\/\/sentosa-cr.com\/index.php\/wp-json\/wp\/v2\/media?parent=1776"}],"curies":[{"name":"wp","href":"https:\/\/api.w.org\/{rel}","templated":true}]}}